{"id":36,"date":"2017-07-09T02:38:54","date_gmt":"2017-07-09T02:38:54","guid":{"rendered":"http:\/\/clubrotariocamposeliseos.org.mx\/?page_id=36"},"modified":"2022-09-28T17:47:40","modified_gmt":"2022-09-28T17:47:40","slug":"directorio","status":"publish","type":"page","link":"https:\/\/clubrotariocamposeliseos.org.mx\/index.php\/directorio\/","title":{"rendered":"Directorio"},"content":{"rendered":"<p>CLUB ROTARIO CAMPOS EL\u00cdSEOS\u00a0 2022-2023<\/p>\n<p>Lic. Rafael Antonio Castro Hern\u00e1ndez<\/p>\n<p><strong>Presidente<\/strong><\/p>\n<p>\u00a0<\/p>\n<p>Ing. Jos\u00e9 Luis Rodr\u00edguez Ibarra\u00a0\u00a0<\/p>\n<p><strong>Vicepresidente<\/strong><\/p>\n<p>\u00a0<\/p>\n<p>Mtra. Liliana Alicia Garc\u00eda de los Cobos<\/p>\n<p><strong>Secretario<\/strong><\/p>\n<p>\u00a0<\/p>\n<p>Lic. Jes\u00fas Leyva<\/p>\n<p><strong>Prosecretario<\/strong><\/p>\n<p>\u00a0<\/p>\n<p>Dr. Everardo Villarreal<\/p>\n<p><strong>Tesorero<\/strong><\/p>\n<p>\u00a0<\/p>\n<p>V\u00edctor Hern\u00e1n Ru\u00edz<\/p>\n<p><strong>Protesorero<\/strong><\/p>\n<p>\u00a0<\/p>\n<p>Hugues Cahuzac<\/p>\n<p><strong>Director de Protocolo<\/strong><\/p>\n<p>\u00a0<\/p>\n<p>Lic. H\u00e9ctor G\u00f3mez God\u00ednez<\/p>\n<p><strong>Director de Programas de Fondos de Recaudaci\u00f3n<\/strong><\/p>\n<p>\u00a0<\/p>\n<p>Ing. Gerardo Mart\u00ednez Reyes<\/p>\n<p><strong>Director de Proyectos de Servicios<\/strong><\/p>\n<p>\u00a0<\/p>\n<p>Ing. Marco Antonio Vega Robles<\/p>\n<p><strong>Director de Administraci\u00f3n<\/strong><\/p>\n<p>\u00a0<\/p>\n<p>Lic. Jorge Alberto Trevi\u00f1o Gonz\u00e1lez<\/p>\n<p><strong>Director de Membres\u00eda<\/strong><\/p>\n<p>\u00a0<\/p>\n<p>CPC Francisco Javier Ascanio<\/p>\n<p><strong>Director Fundaci\u00f3n Rotaria<\/strong><\/p>\n<p>\u00a0<\/p>\n<p>Mtra. Liliana Garc\u00eda de De los Cobos<\/p>\n<p><strong>Director del Comit\u00e9 de Imagen P\u00fablica<\/strong><\/p>\n<p>\u00a0<\/p>\n<p>Jes\u00fas Everardo Villarreal Tijerina<\/p>\n<p>Marco Antonio Vega Robles<\/p>\n<p>Guillermo Mena Arellano<\/p>\n<p>Alfonso M\u00e1rquez del \u00c1ngel<\/p>\n<p>Armando Castro Pedro<\/p>\n<p>Carlos Escobedo Olivares del Castillo<\/p>\n<p><strong>Consejo PastPresidentes<\/strong><\/p>\n<p>\u00a0<\/p>\n\n\n<p><\/p>\n","protected":false},"excerpt":{"rendered":"<p>CLUB ROTARIO CAMPOS EL\u00cdSEOS\u00a0 2022-2023 Lic. Rafael Antonio Castro Hern\u00e1ndez Presidente \u00a0 Ing. Jos\u00e9 Luis Rodr\u00edguez Ibarra\u00a0\u00a0 Vicepresidente \u00a0 Mtra. Liliana Alicia Garc\u00eda de los Cobos Secretario \u00a0 Lic. Jes\u00fas Leyva Prosecretario \u00a0 Dr. Everardo Villarreal Tesorero \u00a0 V\u00edctor Hern\u00e1n Ru\u00edz Protesorero \u00a0 Hugues Cahuzac Director de Protocolo \u00a0 Lic. H\u00e9ctor G\u00f3mez God\u00ednez Director de [&hellip;]<\/p>\n","protected":false},"author":1,"featured_media":0,"parent":0,"menu_order":0,"comment_status":"closed","ping_status":"closed","template":"","meta":{"footnotes":""},"class_list":["post-36","page","type-page","status-publish","hentry"],"_links":{"self":[{"href":"https:\/\/clubrotariocamposeliseos.org.mx\/index.php\/wp-json\/wp\/v2\/pages\/36","targetHints":{"allow":["GET"]}}],"collection":[{"href":"https:\/\/clubrotariocamposeliseos.org.mx\/index.php\/wp-json\/wp\/v2\/pages"}],"about":[{"href":"https:\/\/clubrotariocamposeliseos.org.mx\/index.php\/wp-json\/wp\/v2\/types\/page"}],"author":[{"embeddable":true,"href":"https:\/\/clubrotariocamposeliseos.org.mx\/index.php\/wp-json\/wp\/v2\/users\/1"}],"replies":[{"embeddable":true,"href":"https:\/\/clubrotariocamposeliseos.org.mx\/index.php\/wp-json\/wp\/v2\/comments?post=36"}],"version-history":[{"count":8,"href":"https:\/\/clubrotariocamposeliseos.org.mx\/index.php\/wp-json\/wp\/v2\/pages\/36\/revisions"}],"predecessor-version":[{"id":702,"href":"https:\/\/clubrotariocamposeliseos.org.mx\/index.php\/wp-json\/wp\/v2\/pages\/36\/revisions\/702"}],"wp:attachment":[{"href":"https:\/\/clubrotariocamposeliseos.org.mx\/index.php\/wp-json\/wp\/v2\/media?parent=36"}],"curies":[{"name":"wp","href":"https:\/\/api.w.org\/{rel}","templated":true}]}}