{"id":123,"date":"2017-07-25T20:09:10","date_gmt":"2017-07-25T20:09:10","guid":{"rendered":"http:\/\/clubrotariocamposeliseos.org.mx\/?page_id=123"},"modified":"2018-10-02T16:51:30","modified_gmt":"2018-10-02T16:51:30","slug":"programas-2018-2019","status":"publish","type":"page","link":"https:\/\/clubrotariocamposeliseos.org.mx\/index.php\/programas-2018-2019\/","title":{"rendered":"Programas 2018 &#8211; 2019"},"content":{"rendered":"<h2><a href=\"http:\/\/clubrotariocamposeliseos.org.mx\/index.php\/category\/programas\/creadores-culturales-y-servicio-comunitario\/\">CREADORES CULTURALES Y SERVICIO COMUNITARIO<\/a><\/h2>\n<p>Unir la creaci\u00f3n art\u00edstica con la filantrop\u00eda fue el motivo y justificaci\u00f3n para dise\u00f1ar el ciclo de conferencias \u201cCreadores culturales y servicio comunitario\u201d que, junto con otras actividades art\u00edsticas, el Club Ratario Campos El\u00edseos y la Galer\u00eda Arte Contempor\u00e1neo SMA, organizan y llevan a cabo con la finalidad de conseguir los recursos, apoyos y voluntades necesarios en beneficio de la gente que necesita de nuestra gestor\u00eda y apoyo.<\/p>\n<p>\u201cCreadores culturales y servicio comunitario\u201d es un ciclo de conferencias con destacados creadores mexicanos de la literatura, la pl\u00e1stica, la gastronom\u00eda, los espect\u00e1culos, entre otras \u00e1reas, que se llevan a cabo los jueves de cada mes en el nuestra sede: Restaurante Au Pied de Cochon, del Hotel Presidente Intercontinental de la colonia Polanco de la CdMex.<\/p>\n<p>Desde el 2015 a junio de 2017, se realizaron, con el apoyo de la Galer\u00eda Arte Contempor\u00e1neo SMA: 47 conferencias con igual n\u00famero de destacados artistas, investigadores, l\u00edderes de opini\u00f3n, as\u00ed como Rotarios y amigos del Club Campos El\u00edseos.<\/p>\n<h2><a href=\"http:\/\/clubrotariocamposeliseos.org.mx\/index.php\/category\/programas\/programa-de-asistencia-social-para-los-centros-de-atencion-multiple\/\">PROGRAMA DE ASISTENCIA SOCIAL DEL CLUB ROTARIO CAMPOS EL\u00cdSEOS PARA LOS CENTROS DE ATENCI\u00d3N M\u00daLTIPLE (CAM)<\/a><\/h2>\n<p>A m\u00e1s de dos a\u00f1os de su creaci\u00f3n, el Club Rotario Campos El\u00edseos de la Ciudad de M\u00e9xico, junto con la empresa Servicios M\u00faltiples Corporativos SA de CV y la Galer\u00eda Arte Contempor\u00e1neo SMA, pusieron en marcha el \u201cPrograma de Asistencia Social Club Rotario Campos El\u00edseos para los Centros de Atenci\u00f3n M\u00faltiple (CAM)\u201d con la finalidad de donar e instalar impresoras y multifuncionales a los m\u00faltiples CAM de la Ciudad de M\u00e9xico a trav\u00e9s de las Asociaciones de Padres de Familia.<\/p>\n<p>Fiel a la filosof\u00eda y objetivos de Rotary, El Club Rotario Campos El\u00edseos trabaja en un programa integral con un alto sentido de servicio a la comunidad y de crecimiento personal tambi\u00e9n conocida como filantrop\u00eda.<\/p>\n<p>El Programa de Asistencia Social del Club Rotario Campos El\u00edseos para losCentros de Atenci\u00f3n M\u00faltiple (CAM) ha cumplido con las metas propuestas desde el 2015:<\/p>\n<ul>\n<li>Se han instalado 22 impresoras y 22 multifuncionales en igual n\u00famero de CAM en las delegaciones pol\u00edticas de: Azcapotzalco, Cuauht\u00e9moc, Iztapalapa y Miguel Hidalgo de la Ciudad de M\u00e9xico.<\/li>\n<li>Se han beneficiado en el \u00faltimo a\u00f1o rotario, de acuerdo con la Direcci\u00f3n de Educaci\u00f3n Especial de la SEP, a 1,127 alumnos.<\/li>\n<li>La instalaci\u00f3n de estos equipos incluyen 3 mantenimientos preventivos al a\u00f1o, sin costo, por parte de Servicios M\u00faltiples Corporativos SA de CV.<\/li>\n<li>Parte de estos equipos est\u00e1n siendo utilizados en los talleres de c\u00f3mputo, lo que les permite potenciar su aprendizaje en el manejo de equipos de<br \/>\noficina.<\/li>\n<li>Otros beneficios inmediatos han sido: impresi\u00f3n de rutinas de aulas, reglamentos, planeaciones, materiales de apoyo, tr\u00edpticos informativos, entre otros<\/li>\n<li>A trav\u00e9s del Club Campos El\u00edseos, se realiz\u00f3 tambi\u00e9n la entrega de 25 mesas y 32 sillas al CAM 29, donadas por el Colegio Alexander Von Humboldt<\/li>\n<li>Gracias a la Embajada Alemana en M\u00e9xico, se entregaron a la Direcci\u00f3n de Educaci\u00f3n Especial, 100 boletos, para el espect\u00e1culo \u201cRumpelstil\u201d, con motivo del D\u00eda del ni\u00f1o.<\/li>\n<\/ul>\n<p><strong>\u00bfQU\u00c9 ES UN CAM?<\/strong><br \/>\nEl Centro de Atenci\u00f3n M\u00faltiple (CAM) es un servicio escolarizado de la Direcci\u00f3n de Educaci\u00f3n Especial donde se ofrece educaci\u00f3n inicial y b\u00e1sica (preescolar, primaria y secundaria) de calidad a ni\u00f1as, ni\u00f1os y j\u00f3venes con discapacidad, discapacidad m\u00faltiple o trastornos graves del desarrollo, condiciones que dificultan su ingreso en escuelas regulares. As\u00ed mismo ofrece formaci\u00f3n para la vida y el trabajo para alumnos y alumnas de 15 a 22 a\u00f1os de edad con discapacidad.<\/p>\n<h2>EL BOT\u00d3N ROTARIO EN MOVIMIENTO CONTINUO (INTERVENCIONES PL\u00c1STICAS)<\/h2>\n<p>El arte pl\u00e1stico, el compromiso social y la filantrop\u00eda se unen una vez m\u00e1s en el proyecto \u201cEl Bot\u00f3n Rotario en Movimiento Continuo (Intervenciones Pl\u00e1sticas)\u201d Se trata de una iniciativa de la Presidencia 2017-2018 del Club Rotario Campos El\u00edseos, gracias al apoyo de la Galer\u00eda Arte Contempor\u00e1neo SMA, con la que se busca, exhibirlos en un espacio muse\u00edstico y a trav\u00e9s de una rifa, alcanzar las metas, cumplir con los objetivos, y aplicar a la subvenci\u00f3n global de un nuevo proyecto que busca dotar de aparatos auditivos a ni\u00f1os y j\u00f3venes de los CAM que los requieren.<\/p>\n<p>Intervenir un par de logotipos de Rotary y del Club Campos El\u00edseos por reconocidos creadores mexicanos que han dado renombre, dentro y fuera del pa\u00eds, a aquello que conocemos como \u201carte mexicano\u201d, buscan suscitar la reflexi\u00f3n en torno a la importancia de un s\u00edmbolo de unidad, de fuerza y de trabajo en torno a la vocaci\u00f3n individual, y como grupo, por dar, por ayudar al bienestar de la sociedad.<\/p>\n<h2>CIRUGIAS DE LABIO Y PALADAR HENDIDO<\/h2>\n<p>Con el apoyo de la Fundaci\u00f3n Rotaria, este programa tiene como objetivo la obtenci\u00f3n de apoyos econ\u00f3micos para la realizaci\u00f3n de cirug\u00edas de labio y paladar hendido. Un grupo de especialistas realizan estas cirug\u00edas que buscan corregir la malformaci\u00f3n en el labio y en el paladar de ni\u00f1os, j\u00f3venes y personas adultas de escasos recursos. El Club Campos El\u00edseos ha venido y seguir\u00e1 apoyando este programa con la aportaci\u00f3n de recursos propios, patrocinio de empresas, entre otros.<\/p>\n<h2>SUBVENCION GLOBAL PARA LA DOTACION DE APARATOS AUDITIVOS A NI\u00d1OS Y JOVENES DE LOS CAM<\/h2>\n<p>Otorgar los aparatos auditivos de manera gratuita a ni\u00f1os y j\u00f3venes con debilidad auditiva es el prop\u00f3sito de este proyecto de la Presidencia 2017-2018 del Club Rotario Campos El\u00edseos. La iniciativa busca aplicar a una subvenci\u00f3n global de la Fundaci\u00f3n Rotaria que le permita financiar la atenci\u00f3n y evaluaci\u00f3n m\u00e9dica, as\u00ed como el otorgamiento de los aparatos a ni\u00f1os y j\u00f3venes con problemas auditivos de los Centros de Atenci\u00f3n M\u00faltiple (CAM). A trav\u00e9s de El Bot\u00f3n Rotario en Movimiento Continuo (Intervenciones Pl\u00e1sticas) se pretende conseguir los recursos econ\u00f3micos necesarios para aplicar a la Subvenci\u00f3n Global de Rotary. De igualo manera, se buscar\u00e1n los acuerdos, convenios con las autoridades de educaci\u00f3n local y federal, con otros clubs rotarios, y particulares que se comprometan con el proyecto.<\/p>\n","protected":false},"excerpt":{"rendered":"<p>CREADORES CULTURALES Y SERVICIO COMUNITARIO Unir la creaci\u00f3n art\u00edstica con la filantrop\u00eda fue el motivo y justificaci\u00f3n para dise\u00f1ar el ciclo de conferencias \u201cCreadores culturales y servicio comunitario\u201d que, junto con otras actividades art\u00edsticas, el Club Ratario Campos El\u00edseos y la Galer\u00eda Arte Contempor\u00e1neo SMA, organizan y llevan a cabo con la finalidad de conseguir [&hellip;]<\/p>\n","protected":false},"author":1,"featured_media":0,"parent":0,"menu_order":0,"comment_status":"closed","ping_status":"closed","template":"","meta":{"footnotes":""},"class_list":["post-123","page","type-page","status-publish","hentry"],"_links":{"self":[{"href":"https:\/\/clubrotariocamposeliseos.org.mx\/index.php\/wp-json\/wp\/v2\/pages\/123","targetHints":{"allow":["GET"]}}],"collection":[{"href":"https:\/\/clubrotariocamposeliseos.org.mx\/index.php\/wp-json\/wp\/v2\/pages"}],"about":[{"href":"https:\/\/clubrotariocamposeliseos.org.mx\/index.php\/wp-json\/wp\/v2\/types\/page"}],"author":[{"embeddable":true,"href":"https:\/\/clubrotariocamposeliseos.org.mx\/index.php\/wp-json\/wp\/v2\/users\/1"}],"replies":[{"embeddable":true,"href":"https:\/\/clubrotariocamposeliseos.org.mx\/index.php\/wp-json\/wp\/v2\/comments?post=123"}],"version-history":[{"count":3,"href":"https:\/\/clubrotariocamposeliseos.org.mx\/index.php\/wp-json\/wp\/v2\/pages\/123\/revisions"}],"predecessor-version":[{"id":322,"href":"https:\/\/clubrotariocamposeliseos.org.mx\/index.php\/wp-json\/wp\/v2\/pages\/123\/revisions\/322"}],"wp:attachment":[{"href":"https:\/\/clubrotariocamposeliseos.org.mx\/index.php\/wp-json\/wp\/v2\/media?parent=123"}],"curies":[{"name":"wp","href":"https:\/\/api.w.org\/{rel}","templated":true}]}}